{"id":2,"date":"2025-03-21T04:21:10","date_gmt":"2025-03-21T04:21:10","guid":{"rendered":"https:\/\/revid.tulancingo.gob.mx\/?page_id=2"},"modified":"2025-04-23T20:46:47","modified_gmt":"2025-04-23T20:46:47","slug":"sample-page","status":"publish","type":"page","link":"https:\/\/revid.tulancingo.gob.mx\/","title":{"rendered":"Registro municipal de visitas domiciliarias"},"content":{"rendered":"\t\t<div data-elementor-type=\"wp-page\" data-elementor-id=\"2\" class=\"elementor elementor-2\">\n\t\t\t\t<div class=\"elementor-element elementor-element-bc9b4da e-flex e-con-boxed e-con e-parent\" data-id=\"bc9b4da\" data-element_type=\"container\">\n\t\t\t\t\t<div class=\"e-con-inner\">\n\t\t\t\t<div class=\"elementor-element elementor-element-e370294 elementor-widget elementor-widget-heading\" data-id=\"e370294\" data-element_type=\"widget\" data-widget_type=\"heading.default\">\n\t\t\t\t<div class=\"elementor-widget-container\">\n\t\t\t\t\t<h1 class=\"elementor-heading-title elementor-size-default\">Registro municipal de visitas domiciliarias<\/h1>\t\t\t\t<\/div>\n\t\t\t\t<\/div>\n\t\t\t\t\t<\/div>\n\t\t\t\t<\/div>\n\t\t<div class=\"elementor-element elementor-element-71d4f2fc e-flex e-con-boxed e-con e-parent\" data-id=\"71d4f2fc\" data-element_type=\"container\" data-settings=\"{&quot;background_background&quot;:&quot;classic&quot;}\">\n\t\t\t\t\t<div class=\"e-con-inner\">\n\t\t\t\t<div class=\"elementor-element elementor-element-6145f60c elementor-widget elementor-widget-text-editor\" data-id=\"6145f60c\" data-element_type=\"widget\" data-widget_type=\"text-editor.default\">\n\t\t\t\t<div class=\"elementor-widget-container\">\n\t\t\t\t\t\t\t\t\t\n<p class=\"has-text-align-center\">Herramienta digital de la Direcci\u00f3n de Mejora Regulatoria de Tulancingo, que apoya en brindar certeza legal de las acciones realizadas por los inspectores que se acreditan como funcionarios de la Administraci\u00f3n P\u00fablica Municipal durante una inspecci\u00f3n, verificaci\u00f3n o visita, sustentada bajo la normatividad aplicable vigente para llevar a cabo esas actividades en el \u00e1mbito de su competencia, as\u00ed mismo de las inspecciones que el gobierno municipal est\u00e1 facultado a realizar.<\/p>\n\t\t\t\t\t\t\t\t<\/div>\n\t\t\t\t<\/div>\n\t\t\t\t<div class=\"elementor-element elementor-element-4f8f342 elementor-align-center elementor-widget__width-inherit elementor-widget elementor-widget-button\" data-id=\"4f8f342\" data-element_type=\"widget\" data-widget_type=\"button.default\">\n\t\t\t\t<div class=\"elementor-widget-container\">\n\t\t\t\t\t\t\t\t\t<div class=\"elementor-button-wrapper\">\n\t\t\t\t\t<a class=\"elementor-button elementor-button-link elementor-size-sm\" href=\"https:\/\/revid.tulancingo.gob.mx\/plataforma\/\" target=\"_blank\">\n\t\t\t\t\t\t<span class=\"elementor-button-content-wrapper\">\n\t\t\t\t\t\t\t\t\t<span class=\"elementor-button-text\">Inspecciones<\/span>\n\t\t\t\t\t<\/span>\n\t\t\t\t\t<\/a>\n\t\t\t\t<\/div>\n\t\t\t\t\t\t\t\t<\/div>\n\t\t\t\t<\/div>\n\t\t\t\t<div class=\"elementor-element elementor-element-4f86bb5 elementor-align-center elementor-widget__width-inherit elementor-widget elementor-widget-button\" data-id=\"4f86bb5\" data-element_type=\"widget\" data-widget_type=\"button.default\">\n\t\t\t\t<div class=\"elementor-widget-container\">\n\t\t\t\t\t\t\t\t\t<div class=\"elementor-button-wrapper\">\n\t\t\t\t\t<a class=\"elementor-button elementor-button-link elementor-size-sm\" href=\"https:\/\/revid.tulancingo.gob.mx\/plataforma\/inspector\" target=\"_blank\">\n\t\t\t\t\t\t<span class=\"elementor-button-content-wrapper\">\n\t\t\t\t\t\t\t\t\t<span class=\"elementor-button-text\">Inspectores<\/span>\n\t\t\t\t\t<\/span>\n\t\t\t\t\t<\/a>\n\t\t\t\t<\/div>\n\t\t\t\t\t\t\t\t<\/div>\n\t\t\t\t<\/div>\n\t\t\t\t<div class=\"elementor-element elementor-element-81f8c11 elementor-widget elementor-widget-text-editor\" data-id=\"81f8c11\" data-element_type=\"widget\" data-widget_type=\"text-editor.default\">\n\t\t\t\t<div class=\"elementor-widget-container\">\n\t\t\t\t\t\t\t\t\t<p>En caso de percibir alg\u00fan acto de corrupci\u00f3n por parte de alg\u00fan servidor p\u00fablico, puedes acudir a las oficinas del \u00d3rgano Interno de Control, ubicada en Blvd. Nuevo San Nicolas. S\/N Fracc. Nuevo San Nicolas C.P. 43640 Tulancingo de Bravo, Hgo; o comun\u00edcate al n\u00famero: 7757558450 ext 1123 y 1104 y al correo <a href=\"mailto:organointernodecontrol@tulancingo.gob.mx\">organointernodecontrol@tulancingo.gob.mx<\/a><\/p>\t\t\t\t\t\t\t\t<\/div>\n\t\t\t\t<\/div>\n\t\t\t\t\t<\/div>\n\t\t\t\t<\/div>\n\t\t<div class=\"elementor-element elementor-element-dd63e4c e-flex e-con-boxed e-con e-parent\" data-id=\"dd63e4c\" data-element_type=\"container\">\n\t\t\t\t\t<div class=\"e-con-inner\">\n\t\t\t\t<div class=\"elementor-element elementor-element-7d9a631 elementor-widget elementor-widget-heading\" data-id=\"7d9a631\" data-element_type=\"widget\" data-widget_type=\"heading.default\">\n\t\t\t\t<div class=\"elementor-widget-container\">\n\t\t\t\t\t<h2 class=\"elementor-heading-title elementor-size-default\">\u00bfTienes alguna duda?\n<\/h2>\t\t\t\t<\/div>\n\t\t\t\t<\/div>\n\t\t\t\t<div class=\"elementor-element elementor-element-d0ac99d elementor-widget elementor-widget-heading\" data-id=\"d0ac99d\" data-element_type=\"widget\" data-widget_type=\"heading.default\">\n\t\t\t\t<div class=\"elementor-widget-container\">\n\t\t\t\t\t<h4 class=\"elementor-heading-title elementor-size-default\">Marca al<\/h4>\t\t\t\t<\/div>\n\t\t\t\t<\/div>\n\t\t\t\t<div class=\"elementor-element elementor-element-5f495e1 elementor-widget elementor-widget-heading\" data-id=\"5f495e1\" data-element_type=\"widget\" data-widget_type=\"heading.default\">\n\t\t\t\t<div class=\"elementor-widget-container\">\n\t\t\t\t\t<h2 class=\"elementor-heading-title elementor-size-default\">7757558450 extensi\u00f3n 2148 <\/h2>\t\t\t\t<\/div>\n\t\t\t\t<\/div>\n\t\t\t\t\t<\/div>\n\t\t\t\t<\/div>\n\t\t\t\t<\/div>\n\t\t","protected":false},"excerpt":{"rendered":"<p>Registro municipal de visitas domiciliarias Herramienta digital de la Direcci\u00f3n de Mejora Regulatoria de Tulancingo, que apoya en brindar certeza legal de las acciones realizadas&hellip;<\/p>\n","protected":false},"author":1,"featured_media":0,"parent":0,"menu_order":0,"comment_status":"closed","ping_status":"open","template":"elementor_header_footer","meta":{"_eb_attr":"","footnotes":""},"class_list":["post-2","page","type-page","status-publish","hentry"],"_links":{"self":[{"href":"https:\/\/revid.tulancingo.gob.mx\/index.php\/wp-json\/wp\/v2\/pages\/2","targetHints":{"allow":["GET"]}}],"collection":[{"href":"https:\/\/revid.tulancingo.gob.mx\/index.php\/wp-json\/wp\/v2\/pages"}],"about":[{"href":"https:\/\/revid.tulancingo.gob.mx\/index.php\/wp-json\/wp\/v2\/types\/page"}],"author":[{"embeddable":true,"href":"https:\/\/revid.tulancingo.gob.mx\/index.php\/wp-json\/wp\/v2\/users\/1"}],"replies":[{"embeddable":true,"href":"https:\/\/revid.tulancingo.gob.mx\/index.php\/wp-json\/wp\/v2\/comments?post=2"}],"version-history":[{"count":57,"href":"https:\/\/revid.tulancingo.gob.mx\/index.php\/wp-json\/wp\/v2\/pages\/2\/revisions"}],"predecessor-version":[{"id":115,"href":"https:\/\/revid.tulancingo.gob.mx\/index.php\/wp-json\/wp\/v2\/pages\/2\/revisions\/115"}],"wp:attachment":[{"href":"https:\/\/revid.tulancingo.gob.mx\/index.php\/wp-json\/wp\/v2\/media?parent=2"}],"curies":[{"name":"wp","href":"https:\/\/api.w.org\/{rel}","templated":true}]}}